{"id":532,"date":"2018-10-02T16:25:04","date_gmt":"2018-10-02T14:25:04","guid":{"rendered":"http:\/\/petra-po.pl\/wp\/?page_id=532"},"modified":"2020-10-06T22:16:05","modified_gmt":"2020-10-06T20:16:05","slug":"rolety-dzien-noc","status":"publish","type":"page","link":"https:\/\/petra-po.pl\/wp\/rolety-dzien-noc\/","title":{"rendered":"Rolety Dzie\u0144 Noc"},"content":{"rendered":"<div id=\"pl-532\"  class=\"panel-layout\" ><div id=\"pg-532-0\"  class=\"panel-grid panel-no-style\" ><div id=\"pgc-532-0-0\"  class=\"panel-grid-cell\" ><div id=\"panel-532-0-0-0\" class=\"so-panel widget widget_sow-editor panel-first-child\" data-index=\"0\" ><div\n\t\t\t\n\t\t\tclass=\"so-widget-sow-editor so-widget-sow-editor-base\"\n\t\t\t\n\t\t>\n<div class=\"siteorigin-widget-tinymce textwidget\">\n\t<p style=\"text-align: center;\"><strong><span style=\"font-size: 14pt;\">rolety dzie\u0144 noc VEGAS CLASSIC DiN<\/span> <\/strong><\/p>\n<ul>\n<li style=\"text-align: justify;\">roleta dzie\u0144 noc w kasecie aluminiowej,<\/li>\n<li style=\"text-align: justify;\">z materia\u0142em typu \"dzie\u0144 i noc\", umo\u017cliwiaj\u0105cym poprzez regulacj\u0119 ustawienia, uzyskanie pas\u00f3w prze\u015bwituj\u0105cych na dzie\u0144 i zaciemnienia ca\u0142kowitego na noc,<\/li>\n<li style=\"text-align: justify;\">niewielkie rozmiary kasetki aluminiowej,<\/li>\n<li style=\"text-align: justify;\">prowadnice boczne pozwalaj\u0105ce uchyla\u0107 skrzyd\u0142o okna z rolet\u0105,<\/li>\n<li style=\"text-align: justify;\">dost\u0119pne kasetki i prowadnice w okleinie drewnopodobnej \u2013 z\u0142oty d\u0105b, maho\u0144, d\u0105b bagienny, sosna, orzech, winchester czy antracyt oraz mo\u017cliwo\u015b\u0107 wymalowania obudowy na dowolny kolor RAL,<\/li>\n<li style=\"text-align: justify;\">mechanizm samohamuj\u0105cy, zatrzymywanie rolety w dowolnym po\u0142o\u017ceniu bez zapinania \u0142a\u0144cuszka,<\/li>\n<li style=\"text-align: justify;\">bogata oferta materia\u0142\u00f3w w r\u00f3\u017cnych grupach cenowych,<\/li>\n<li style=\"text-align: justify;\">wykonanie na wymiar.<\/li>\n<\/ul>\n<\/div>\n<\/div><\/div><div id=\"panel-532-0-0-1\" class=\"so-panel widget widget_media_gallery panel-last-child\" data-index=\"1\" ><div id='gallery-1' class='gallery galleryid-532 gallery-columns-4 gallery-size-medium'><figure class='gallery-item'>\n\t\t\t<div class='gallery-icon landscape'>\n\t\t\t\t<a href='https:\/\/petra-po.pl\/wp\/wp-content\/uploads\/2018\/10\/rolety-dzie\u0144-noc-3.jpg'><img width=\"300\" height=\"200\" src=\"https:\/\/petra-po.pl\/wp\/wp-content\/uploads\/2018\/10\/rolety-dzie\u0144-noc-3-300x200.jpg\" class=\"attachment-medium size-medium\" alt=\"\" decoding=\"async\" srcset=\"https:\/\/petra-po.pl\/wp\/wp-content\/uploads\/2018\/10\/rolety-dzie\u0144-noc-3-300x200.jpg 300w, https:\/\/petra-po.pl\/wp\/wp-content\/uploads\/2018\/10\/rolety-dzie\u0144-noc-3-768x512.jpg 768w, https:\/\/petra-po.pl\/wp\/wp-content\/uploads\/2018\/10\/rolety-dzie\u0144-noc-3-700x467.jpg 700w, https:\/\/petra-po.pl\/wp\/wp-content\/uploads\/2018\/10\/rolety-dzie\u0144-noc-3-272x182.jpg 272w, https:\/\/petra-po.pl\/wp\/wp-content\/uploads\/2018\/10\/rolety-dzie\u0144-noc-3.jpg 960w\" sizes=\"(max-width: 300px) 100vw, 300px\" \/><\/a>\n\t\t\t<\/div><\/figure><figure class='gallery-item'>\n\t\t\t<div class='gallery-icon landscape'>\n\t\t\t\t<a href='https:\/\/petra-po.pl\/wp\/wp-content\/uploads\/2018\/10\/rolety-dzie\u0144-noc-1.jpg'><img width=\"300\" height=\"200\" src=\"https:\/\/petra-po.pl\/wp\/wp-content\/uploads\/2018\/10\/rolety-dzie\u0144-noc-1-300x200.jpg\" class=\"attachment-medium size-medium\" alt=\"\" decoding=\"async\" srcset=\"https:\/\/petra-po.pl\/wp\/wp-content\/uploads\/2018\/10\/rolety-dzie\u0144-noc-1-300x200.jpg 300w, https:\/\/petra-po.pl\/wp\/wp-content\/uploads\/2018\/10\/rolety-dzie\u0144-noc-1-768x512.jpg 768w, https:\/\/petra-po.pl\/wp\/wp-content\/uploads\/2018\/10\/rolety-dzie\u0144-noc-1-700x467.jpg 700w, https:\/\/petra-po.pl\/wp\/wp-content\/uploads\/2018\/10\/rolety-dzie\u0144-noc-1-272x182.jpg 272w, https:\/\/petra-po.pl\/wp\/wp-content\/uploads\/2018\/10\/rolety-dzie\u0144-noc-1.jpg 960w\" sizes=\"(max-width: 300px) 100vw, 300px\" \/><\/a>\n\t\t\t<\/div><\/figure><figure class='gallery-item'>\n\t\t\t<div class='gallery-icon landscape'>\n\t\t\t\t<a href='https:\/\/petra-po.pl\/wp\/wp-content\/uploads\/2018\/10\/rolety-dzie\u0144-noc-2.jpg'><img width=\"300\" height=\"200\" src=\"https:\/\/petra-po.pl\/wp\/wp-content\/uploads\/2018\/10\/rolety-dzie\u0144-noc-2-300x200.jpg\" class=\"attachment-medium size-medium\" alt=\"\" decoding=\"async\" srcset=\"https:\/\/petra-po.pl\/wp\/wp-content\/uploads\/2018\/10\/rolety-dzie\u0144-noc-2-300x200.jpg 300w, https:\/\/petra-po.pl\/wp\/wp-content\/uploads\/2018\/10\/rolety-dzie\u0144-noc-2-768x513.jpg 768w, https:\/\/petra-po.pl\/wp\/wp-content\/uploads\/2018\/10\/rolety-dzie\u0144-noc-2-700x467.jpg 700w, https:\/\/petra-po.pl\/wp\/wp-content\/uploads\/2018\/10\/rolety-dzie\u0144-noc-2-272x182.jpg 272w, https:\/\/petra-po.pl\/wp\/wp-content\/uploads\/2018\/10\/rolety-dzie\u0144-noc-2.jpg 830w\" sizes=\"(max-width: 300px) 100vw, 300px\" \/><\/a>\n\t\t\t<\/div><\/figure><figure class='gallery-item'>\n\t\t\t<div class='gallery-icon landscape'>\n\t\t\t\t<a href='https:\/\/petra-po.pl\/wp\/wp-content\/uploads\/2018\/10\/roleta-dzie\u0144-noc-DN1001-d.jpg'><img width=\"300\" height=\"198\" src=\"https:\/\/petra-po.pl\/wp\/wp-content\/uploads\/2018\/10\/roleta-dzie\u0144-noc-DN1001-d-300x198.jpg\" class=\"attachment-medium size-medium\" alt=\"\" decoding=\"async\" srcset=\"https:\/\/petra-po.pl\/wp\/wp-content\/uploads\/2018\/10\/roleta-dzie\u0144-noc-DN1001-d-300x198.jpg 300w, https:\/\/petra-po.pl\/wp\/wp-content\/uploads\/2018\/10\/roleta-dzie\u0144-noc-DN1001-d-768x508.jpg 768w, https:\/\/petra-po.pl\/wp\/wp-content\/uploads\/2018\/10\/roleta-dzie\u0144-noc-DN1001-d-700x463.jpg 700w\" sizes=\"(max-width: 300px) 100vw, 300px\" \/><\/a>\n\t\t\t<\/div><\/figure><figure class='gallery-item'>\n\t\t\t<div class='gallery-icon portrait'>\n\t\t\t\t<a href='https:\/\/petra-po.pl\/wp\/wp-content\/uploads\/2018\/10\/DN-1001-roleta-dzie\u0144-noc-h.jpg'><img width=\"199\" height=\"300\" src=\"https:\/\/petra-po.pl\/wp\/wp-content\/uploads\/2018\/10\/DN-1001-roleta-dzie\u0144-noc-h-199x300.jpg\" class=\"attachment-medium size-medium\" alt=\"\" decoding=\"async\" srcset=\"https:\/\/petra-po.pl\/wp\/wp-content\/uploads\/2018\/10\/DN-1001-roleta-dzie\u0144-noc-h-199x300.jpg 199w, https:\/\/petra-po.pl\/wp\/wp-content\/uploads\/2018\/10\/DN-1001-roleta-dzie\u0144-noc-h-768x1155.jpg 768w, https:\/\/petra-po.pl\/wp\/wp-content\/uploads\/2018\/10\/DN-1001-roleta-dzie\u0144-noc-h-700x1053.jpg 700w\" sizes=\"(max-width: 199px) 100vw, 199px\" \/><\/a>\n\t\t\t<\/div><\/figure><figure class='gallery-item'>\n\t\t\t<div class='gallery-icon portrait'>\n\t\t\t\t<a href='https:\/\/petra-po.pl\/wp\/wp-content\/uploads\/2018\/10\/DN16-1.jpg'><img width=\"198\" height=\"300\" src=\"https:\/\/petra-po.pl\/wp\/wp-content\/uploads\/2018\/10\/DN16-1-198x300.jpg\" class=\"attachment-medium size-medium\" alt=\"\" decoding=\"async\" srcset=\"https:\/\/petra-po.pl\/wp\/wp-content\/uploads\/2018\/10\/DN16-1-198x300.jpg 198w, https:\/\/petra-po.pl\/wp\/wp-content\/uploads\/2018\/10\/DN16-1-768x1161.jpg 768w, https:\/\/petra-po.pl\/wp\/wp-content\/uploads\/2018\/10\/DN16-1-700x1058.jpg 700w, https:\/\/petra-po.pl\/wp\/wp-content\/uploads\/2018\/10\/DN16-1.jpg 1486w\" sizes=\"(max-width: 198px) 100vw, 198px\" \/><\/a>\n\t\t\t<\/div><\/figure><figure class='gallery-item'>\n\t\t\t<div class='gallery-icon portrait'>\n\t\t\t\t<a href='https:\/\/petra-po.pl\/wp\/wp-content\/uploads\/2018\/10\/DN213-3.jpg'><img width=\"190\" height=\"300\" src=\"https:\/\/petra-po.pl\/wp\/wp-content\/uploads\/2018\/10\/DN213-3-190x300.jpg\" class=\"attachment-medium size-medium\" alt=\"\" decoding=\"async\" srcset=\"https:\/\/petra-po.pl\/wp\/wp-content\/uploads\/2018\/10\/DN213-3-190x300.jpg 190w, https:\/\/petra-po.pl\/wp\/wp-content\/uploads\/2018\/10\/DN213-3-768x1213.jpg 768w, https:\/\/petra-po.pl\/wp\/wp-content\/uploads\/2018\/10\/DN213-3-700x1106.jpg 700w, https:\/\/petra-po.pl\/wp\/wp-content\/uploads\/2018\/10\/DN213-3.jpg 1552w\" sizes=\"(max-width: 190px) 100vw, 190px\" \/><\/a>\n\t\t\t<\/div><\/figure><figure class='gallery-item'>\n\t\t\t<div class='gallery-icon portrait'>\n\t\t\t\t<a href='https:\/\/petra-po.pl\/wp\/wp-content\/uploads\/2018\/10\/DN10-1.jpg'><img width=\"237\" height=\"300\" src=\"https:\/\/petra-po.pl\/wp\/wp-content\/uploads\/2018\/10\/DN10-1-237x300.jpg\" class=\"attachment-medium size-medium\" alt=\"\" decoding=\"async\" srcset=\"https:\/\/petra-po.pl\/wp\/wp-content\/uploads\/2018\/10\/DN10-1-237x300.jpg 237w, https:\/\/petra-po.pl\/wp\/wp-content\/uploads\/2018\/10\/DN10-1-768x970.jpg 768w, https:\/\/petra-po.pl\/wp\/wp-content\/uploads\/2018\/10\/DN10-1-700x884.jpg 700w, https:\/\/petra-po.pl\/wp\/wp-content\/uploads\/2018\/10\/DN10-1.jpg 1552w\" sizes=\"(max-width: 237px) 100vw, 237px\" \/><\/a>\n\t\t\t<\/div><\/figure><figure class='gallery-item'>\n\t\t\t<div class='gallery-icon portrait'>\n\t\t\t\t<a href='https:\/\/petra-po.pl\/wp\/wp-content\/uploads\/2018\/10\/roleta-dzie\u0144-noc-xx1.jpg'><img width=\"225\" height=\"300\" src=\"https:\/\/petra-po.pl\/wp\/wp-content\/uploads\/2018\/10\/roleta-dzie\u0144-noc-xx1-225x300.jpg\" class=\"attachment-medium size-medium\" alt=\"\" decoding=\"async\" srcset=\"https:\/\/petra-po.pl\/wp\/wp-content\/uploads\/2018\/10\/roleta-dzie\u0144-noc-xx1-225x300.jpg 225w, https:\/\/petra-po.pl\/wp\/wp-content\/uploads\/2018\/10\/roleta-dzie\u0144-noc-xx1-700x933.jpg 700w, https:\/\/petra-po.pl\/wp\/wp-content\/uploads\/2018\/10\/roleta-dzie\u0144-noc-xx1.jpg 720w\" sizes=\"(max-width: 225px) 100vw, 225px\" \/><\/a>\n\t\t\t<\/div><\/figure><figure class='gallery-item'>\n\t\t\t<div class='gallery-icon portrait'>\n\t\t\t\t<a href='https:\/\/petra-po.pl\/wp\/wp-content\/uploads\/2018\/10\/roleta-dzie\u0144-noc-xx2.jpg'><img width=\"278\" height=\"300\" src=\"https:\/\/petra-po.pl\/wp\/wp-content\/uploads\/2018\/10\/roleta-dzie\u0144-noc-xx2-278x300.jpg\" class=\"attachment-medium size-medium\" alt=\"\" decoding=\"async\" srcset=\"https:\/\/petra-po.pl\/wp\/wp-content\/uploads\/2018\/10\/roleta-dzie\u0144-noc-xx2-278x300.jpg 278w, https:\/\/petra-po.pl\/wp\/wp-content\/uploads\/2018\/10\/roleta-dzie\u0144-noc-xx2-768x828.jpg 768w, https:\/\/petra-po.pl\/wp\/wp-content\/uploads\/2018\/10\/roleta-dzie\u0144-noc-xx2-700x755.jpg 700w\" sizes=\"(max-width: 278px) 100vw, 278px\" \/><\/a>\n\t\t\t<\/div><\/figure><figure class='gallery-item'>\n\t\t\t<div class='gallery-icon landscape'>\n\t\t\t\t<a href='https:\/\/petra-po.pl\/wp\/wp-content\/uploads\/2018\/10\/roleta-dzie\u0144-noc-xx3.jpg'><img width=\"300\" height=\"254\" src=\"https:\/\/petra-po.pl\/wp\/wp-content\/uploads\/2018\/10\/roleta-dzie\u0144-noc-xx3-300x254.jpg\" class=\"attachment-medium size-medium\" alt=\"\" decoding=\"async\" srcset=\"https:\/\/petra-po.pl\/wp\/wp-content\/uploads\/2018\/10\/roleta-dzie\u0144-noc-xx3-300x254.jpg 300w, https:\/\/petra-po.pl\/wp\/wp-content\/uploads\/2018\/10\/roleta-dzie\u0144-noc-xx3-768x651.jpg 768w, https:\/\/petra-po.pl\/wp\/wp-content\/uploads\/2018\/10\/roleta-dzie\u0144-noc-xx3-700x593.jpg 700w, https:\/\/petra-po.pl\/wp\/wp-content\/uploads\/2018\/10\/roleta-dzie\u0144-noc-xx3.jpg 1976w\" sizes=\"(max-width: 300px) 100vw, 300px\" \/><\/a>\n\t\t\t<\/div><\/figure><figure class='gallery-item'>\n\t\t\t<div class='gallery-icon landscape'>\n\t\t\t\t<a href='https:\/\/petra-po.pl\/wp\/wp-content\/uploads\/2018\/10\/roleta-dzie\u0144-noc-xx.jpg'><img width=\"300\" height=\"261\" src=\"https:\/\/petra-po.pl\/wp\/wp-content\/uploads\/2018\/10\/roleta-dzie\u0144-noc-xx-300x261.jpg\" class=\"attachment-medium size-medium\" alt=\"\" decoding=\"async\" srcset=\"https:\/\/petra-po.pl\/wp\/wp-content\/uploads\/2018\/10\/roleta-dzie\u0144-noc-xx-300x261.jpg 300w, https:\/\/petra-po.pl\/wp\/wp-content\/uploads\/2018\/10\/roleta-dzie\u0144-noc-xx-768x667.jpg 768w, https:\/\/petra-po.pl\/wp\/wp-content\/uploads\/2018\/10\/roleta-dzie\u0144-noc-xx-700x608.jpg 700w\" sizes=\"(max-width: 300px) 100vw, 300px\" \/><\/a>\n\t\t\t<\/div><\/figure><figure class='gallery-item'>\n\t\t\t<div class='gallery-icon portrait'>\n\t\t\t\t<a href='https:\/\/petra-po.pl\/wp\/wp-content\/uploads\/2018\/10\/roleta-dzie\u0144-noc-DN503-a.jpg'><img width=\"233\" height=\"300\" src=\"https:\/\/petra-po.pl\/wp\/wp-content\/uploads\/2018\/10\/roleta-dzie\u0144-noc-DN503-a-233x300.jpg\" class=\"attachment-medium size-medium\" alt=\"\" decoding=\"async\" srcset=\"https:\/\/petra-po.pl\/wp\/wp-content\/uploads\/2018\/10\/roleta-dzie\u0144-noc-DN503-a-233x300.jpg 233w, https:\/\/petra-po.pl\/wp\/wp-content\/uploads\/2018\/10\/roleta-dzie\u0144-noc-DN503-a-768x989.jpg 768w, https:\/\/petra-po.pl\/wp\/wp-content\/uploads\/2018\/10\/roleta-dzie\u0144-noc-DN503-a-700x902.jpg 700w, https:\/\/petra-po.pl\/wp\/wp-content\/uploads\/2018\/10\/roleta-dzie\u0144-noc-DN503-a.jpg 1512w\" sizes=\"(max-width: 233px) 100vw, 233px\" \/><\/a>\n\t\t\t<\/div><\/figure><figure class='gallery-item'>\n\t\t\t<div class='gallery-icon portrait'>\n\t\t\t\t<a href='https:\/\/petra-po.pl\/wp\/wp-content\/uploads\/2018\/10\/roleta-dzie\u0144-noc-DN1001-2.jpg'><img width=\"295\" height=\"300\" src=\"https:\/\/petra-po.pl\/wp\/wp-content\/uploads\/2018\/10\/roleta-dzie\u0144-noc-DN1001-2-295x300.jpg\" class=\"attachment-medium size-medium\" alt=\"\" decoding=\"async\" srcset=\"https:\/\/petra-po.pl\/wp\/wp-content\/uploads\/2018\/10\/roleta-dzie\u0144-noc-DN1001-2-295x300.jpg 295w, https:\/\/petra-po.pl\/wp\/wp-content\/uploads\/2018\/10\/roleta-dzie\u0144-noc-DN1001-2-768x782.jpg 768w, https:\/\/petra-po.pl\/wp\/wp-content\/uploads\/2018\/10\/roleta-dzie\u0144-noc-DN1001-2-700x713.jpg 700w\" sizes=\"(max-width: 295px) 100vw, 295px\" \/><\/a>\n\t\t\t<\/div><\/figure><figure class='gallery-item'>\n\t\t\t<div class='gallery-icon landscape'>\n\t\t\t\t<a href='https:\/\/petra-po.pl\/wp\/wp-content\/uploads\/2018\/10\/roleta-dzie\u0144-noc-DN1001-b.jpg'><img width=\"300\" height=\"276\" src=\"https:\/\/petra-po.pl\/wp\/wp-content\/uploads\/2018\/10\/roleta-dzie\u0144-noc-DN1001-b-300x276.jpg\" class=\"attachment-medium size-medium\" alt=\"\" decoding=\"async\" srcset=\"https:\/\/petra-po.pl\/wp\/wp-content\/uploads\/2018\/10\/roleta-dzie\u0144-noc-DN1001-b-300x276.jpg 300w, https:\/\/petra-po.pl\/wp\/wp-content\/uploads\/2018\/10\/roleta-dzie\u0144-noc-DN1001-b-768x706.jpg 768w, https:\/\/petra-po.pl\/wp\/wp-content\/uploads\/2018\/10\/roleta-dzie\u0144-noc-DN1001-b-700x643.jpg 700w\" sizes=\"(max-width: 300px) 100vw, 300px\" \/><\/a>\n\t\t\t<\/div><\/figure>\n\t\t<\/div>\n<\/div><\/div><\/div><\/div><!--themify_builder_content-->\n<div id=\"themify_builder_content-532\" data-postid=\"532\" class=\"themify_builder_content themify_builder_content-532 themify_builder tf_clear\">\n    <\/div>\n<!--\/themify_builder_content-->\n","protected":false},"excerpt":{"rendered":"<p>rolety dzie\u0144 noc VEGAS CLASSIC DiN roleta dzie\u0144 noc w kasecie aluminiowej, z materia\u0142em typu &#8222;dzie\u0144 i noc&#8221;, umo\u017cliwiaj\u0105cym poprzez regulacj\u0119 ustawienia, uzyskanie pas\u00f3w prze\u015bwituj\u0105cych na dzie\u0144 i zaciemnienia ca\u0142kowitego na noc, niewielkie rozmiary kasetki aluminiowej, prowadnice boczne pozwalaj\u0105ce uchyla\u0107 skrzyd\u0142o okna z rolet\u0105, dost\u0119pne &hellip; <a href=\"https:\/\/petra-po.pl\/wp\/rolety-dzien-noc\/\" class=\"more-link\"><span>Czytaj dalej<span class=\"screen-reader-text\">Rolety Dzie\u0144 Noc<\/span><\/span><\/a><\/p>\n","protected":false},"author":1,"featured_media":0,"parent":0,"menu_order":0,"comment_status":"closed","ping_status":"closed","template":"","meta":{"footnotes":""},"yoast_head":"<!-- This site is optimized with the Yoast SEO plugin v22.4 - https:\/\/yoast.com\/wordpress\/plugins\/seo\/ -->\n<title>Rolety Dzie\u0144 Noc - Rolety, \u017caluzje, plisy, moskitiery - PETRA Krak\u00f3w<\/title>\n<meta name=\"description\" content=\"Rolety dzie\u0144 noc w kasecie, umo\u017cliwiaj\u0105ce przez regulacj\u0119, uzyskanie pas\u00f3w prze\u015bwituj\u0105cych na dzie\u0144 i zaciemnienia na noc. Monta\u017c Krak\u00f3w i okolice.\" \/>\n<meta name=\"robots\" content=\"index, follow, max-snippet:-1, max-image-preview:large, max-video-preview:-1\" \/>\n<link rel=\"canonical\" href=\"https:\/\/petra-po.pl\/wp\/rolety-dzien-noc\/\" \/>\n<meta property=\"og:locale\" content=\"pl_PL\" \/>\n<meta property=\"og:type\" content=\"article\" \/>\n<meta property=\"og:title\" content=\"Rolety Dzie\u0144 Noc - Rolety, \u017caluzje, plisy, moskitiery - PETRA Krak\u00f3w\" \/>\n<meta property=\"og:description\" content=\"Rolety dzie\u0144 noc w kasecie, umo\u017cliwiaj\u0105ce przez regulacj\u0119, uzyskanie pas\u00f3w prze\u015bwituj\u0105cych na dzie\u0144 i zaciemnienia na noc. Monta\u017c Krak\u00f3w i okolice.\" \/>\n<meta property=\"og:url\" content=\"https:\/\/petra-po.pl\/wp\/rolety-dzien-noc\/\" \/>\n<meta property=\"og:site_name\" content=\"Rolety, \u017caluzje, plisy, moskitiery - PETRA Krak\u00f3w\" \/>\n<meta property=\"article:modified_time\" content=\"2020-10-06T20:16:05+00:00\" \/>\n<meta name=\"twitter:card\" content=\"summary_large_image\" \/>\n<meta name=\"twitter:label1\" content=\"Szacowany czas czytania\" \/>\n\t<meta name=\"twitter:data1\" content=\"1 minuta\" \/>\n<script type=\"application\/ld+json\" class=\"yoast-schema-graph\">{\"@context\":\"https:\/\/schema.org\",\"@graph\":[{\"@type\":\"WebPage\",\"@id\":\"https:\/\/petra-po.pl\/wp\/rolety-dzien-noc\/\",\"url\":\"https:\/\/petra-po.pl\/wp\/rolety-dzien-noc\/\",\"name\":\"Rolety Dzie\u0144 Noc - Rolety, \u017caluzje, plisy, moskitiery - PETRA Krak\u00f3w\",\"isPartOf\":{\"@id\":\"https:\/\/petra-po.pl\/wp\/#website\"},\"datePublished\":\"2018-10-02T14:25:04+00:00\",\"dateModified\":\"2020-10-06T20:16:05+00:00\",\"description\":\"Rolety dzie\u0144 noc w kasecie, umo\u017cliwiaj\u0105ce przez regulacj\u0119, uzyskanie pas\u00f3w prze\u015bwituj\u0105cych na dzie\u0144 i zaciemnienia na noc. Monta\u017c Krak\u00f3w i okolice.\",\"breadcrumb\":{\"@id\":\"https:\/\/petra-po.pl\/wp\/rolety-dzien-noc\/#breadcrumb\"},\"inLanguage\":\"pl-PL\",\"potentialAction\":[{\"@type\":\"ReadAction\",\"target\":[\"https:\/\/petra-po.pl\/wp\/rolety-dzien-noc\/\"]}]},{\"@type\":\"BreadcrumbList\",\"@id\":\"https:\/\/petra-po.pl\/wp\/rolety-dzien-noc\/#breadcrumb\",\"itemListElement\":[{\"@type\":\"ListItem\",\"position\":1,\"name\":\"Strona g\u0142\u00f3wna\",\"item\":\"https:\/\/petra-po.pl\/wp\/\"},{\"@type\":\"ListItem\",\"position\":2,\"name\":\"Rolety Dzie\u0144 Noc\"}]},{\"@type\":\"WebSite\",\"@id\":\"https:\/\/petra-po.pl\/wp\/#website\",\"url\":\"https:\/\/petra-po.pl\/wp\/\",\"name\":\"Rolety, \u017caluzje, plisy, moskitiery - PETRA Krak\u00f3w\",\"description\":\"Oferta system\u00f3w os\u0142on przeciws\u0142onecznych i zabezpieczaj\u0105cych.\",\"publisher\":{\"@id\":\"https:\/\/petra-po.pl\/wp\/#organization\"},\"potentialAction\":[{\"@type\":\"SearchAction\",\"target\":{\"@type\":\"EntryPoint\",\"urlTemplate\":\"https:\/\/petra-po.pl\/wp\/?s={search_term_string}\"},\"query-input\":\"required name=search_term_string\"}],\"inLanguage\":\"pl-PL\"},{\"@type\":\"Organization\",\"@id\":\"https:\/\/petra-po.pl\/wp\/#organization\",\"name\":\"PETRA Piotr Orlicki\",\"url\":\"https:\/\/petra-po.pl\/wp\/\",\"logo\":{\"@type\":\"ImageObject\",\"inLanguage\":\"pl-PL\",\"@id\":\"https:\/\/petra-po.pl\/wp\/#\/schema\/logo\/image\/\",\"url\":\"http:\/\/petra-po.pl\/wp\/wp-content\/uploads\/2018\/10\/Logo-PETRA-obc-700x249.bmp\",\"contentUrl\":\"http:\/\/petra-po.pl\/wp\/wp-content\/uploads\/2018\/10\/Logo-PETRA-obc-700x249.bmp\",\"width\":700,\"height\":249,\"caption\":\"PETRA Piotr Orlicki\"},\"image\":{\"@id\":\"https:\/\/petra-po.pl\/wp\/#\/schema\/logo\/image\/\"}}]}<\/script>\n<!-- \/ Yoast SEO plugin. -->","yoast_head_json":{"title":"Rolety Dzie\u0144 Noc - Rolety, \u017caluzje, plisy, moskitiery - PETRA Krak\u00f3w","description":"Rolety dzie\u0144 noc w kasecie, umo\u017cliwiaj\u0105ce przez regulacj\u0119, uzyskanie pas\u00f3w prze\u015bwituj\u0105cych na dzie\u0144 i zaciemnienia na noc. Monta\u017c Krak\u00f3w i okolice.","robots":{"index":"index","follow":"follow","max-snippet":"max-snippet:-1","max-image-preview":"max-image-preview:large","max-video-preview":"max-video-preview:-1"},"canonical":"https:\/\/petra-po.pl\/wp\/rolety-dzien-noc\/","og_locale":"pl_PL","og_type":"article","og_title":"Rolety Dzie\u0144 Noc - Rolety, \u017caluzje, plisy, moskitiery - PETRA Krak\u00f3w","og_description":"Rolety dzie\u0144 noc w kasecie, umo\u017cliwiaj\u0105ce przez regulacj\u0119, uzyskanie pas\u00f3w prze\u015bwituj\u0105cych na dzie\u0144 i zaciemnienia na noc. Monta\u017c Krak\u00f3w i okolice.","og_url":"https:\/\/petra-po.pl\/wp\/rolety-dzien-noc\/","og_site_name":"Rolety, \u017caluzje, plisy, moskitiery - PETRA Krak\u00f3w","article_modified_time":"2020-10-06T20:16:05+00:00","twitter_card":"summary_large_image","twitter_misc":{"Szacowany czas czytania":"1 minuta"},"schema":{"@context":"https:\/\/schema.org","@graph":[{"@type":"WebPage","@id":"https:\/\/petra-po.pl\/wp\/rolety-dzien-noc\/","url":"https:\/\/petra-po.pl\/wp\/rolety-dzien-noc\/","name":"Rolety Dzie\u0144 Noc - Rolety, \u017caluzje, plisy, moskitiery - PETRA Krak\u00f3w","isPartOf":{"@id":"https:\/\/petra-po.pl\/wp\/#website"},"datePublished":"2018-10-02T14:25:04+00:00","dateModified":"2020-10-06T20:16:05+00:00","description":"Rolety dzie\u0144 noc w kasecie, umo\u017cliwiaj\u0105ce przez regulacj\u0119, uzyskanie pas\u00f3w prze\u015bwituj\u0105cych na dzie\u0144 i zaciemnienia na noc. Monta\u017c Krak\u00f3w i okolice.","breadcrumb":{"@id":"https:\/\/petra-po.pl\/wp\/rolety-dzien-noc\/#breadcrumb"},"inLanguage":"pl-PL","potentialAction":[{"@type":"ReadAction","target":["https:\/\/petra-po.pl\/wp\/rolety-dzien-noc\/"]}]},{"@type":"BreadcrumbList","@id":"https:\/\/petra-po.pl\/wp\/rolety-dzien-noc\/#breadcrumb","itemListElement":[{"@type":"ListItem","position":1,"name":"Strona g\u0142\u00f3wna","item":"https:\/\/petra-po.pl\/wp\/"},{"@type":"ListItem","position":2,"name":"Rolety Dzie\u0144 Noc"}]},{"@type":"WebSite","@id":"https:\/\/petra-po.pl\/wp\/#website","url":"https:\/\/petra-po.pl\/wp\/","name":"Rolety, \u017caluzje, plisy, moskitiery - PETRA Krak\u00f3w","description":"Oferta system\u00f3w os\u0142on przeciws\u0142onecznych i zabezpieczaj\u0105cych.","publisher":{"@id":"https:\/\/petra-po.pl\/wp\/#organization"},"potentialAction":[{"@type":"SearchAction","target":{"@type":"EntryPoint","urlTemplate":"https:\/\/petra-po.pl\/wp\/?s={search_term_string}"},"query-input":"required name=search_term_string"}],"inLanguage":"pl-PL"},{"@type":"Organization","@id":"https:\/\/petra-po.pl\/wp\/#organization","name":"PETRA Piotr Orlicki","url":"https:\/\/petra-po.pl\/wp\/","logo":{"@type":"ImageObject","inLanguage":"pl-PL","@id":"https:\/\/petra-po.pl\/wp\/#\/schema\/logo\/image\/","url":"http:\/\/petra-po.pl\/wp\/wp-content\/uploads\/2018\/10\/Logo-PETRA-obc-700x249.bmp","contentUrl":"http:\/\/petra-po.pl\/wp\/wp-content\/uploads\/2018\/10\/Logo-PETRA-obc-700x249.bmp","width":700,"height":249,"caption":"PETRA Piotr Orlicki"},"image":{"@id":"https:\/\/petra-po.pl\/wp\/#\/schema\/logo\/image\/"}}]}},"_links":{"self":[{"href":"https:\/\/petra-po.pl\/wp\/wp-json\/wp\/v2\/pages\/532"}],"collection":[{"href":"https:\/\/petra-po.pl\/wp\/wp-json\/wp\/v2\/pages"}],"about":[{"href":"https:\/\/petra-po.pl\/wp\/wp-json\/wp\/v2\/types\/page"}],"author":[{"embeddable":true,"href":"https:\/\/petra-po.pl\/wp\/wp-json\/wp\/v2\/users\/1"}],"replies":[{"embeddable":true,"href":"https:\/\/petra-po.pl\/wp\/wp-json\/wp\/v2\/comments?post=532"}],"version-history":[{"count":44,"href":"https:\/\/petra-po.pl\/wp\/wp-json\/wp\/v2\/pages\/532\/revisions"}],"predecessor-version":[{"id":1039,"href":"https:\/\/petra-po.pl\/wp\/wp-json\/wp\/v2\/pages\/532\/revisions\/1039"}],"wp:attachment":[{"href":"https:\/\/petra-po.pl\/wp\/wp-json\/wp\/v2\/media?parent=532"}],"curies":[{"name":"wp","href":"https:\/\/api.w.org\/{rel}","templated":true}]}}